{"id":62320,"date":"2023-11-20T20:02:47","date_gmt":"2023-11-20T20:02:47","guid":{"rendered":"https:\/\/lituanistumiestas.lt\/?page_id=62320"},"modified":"2023-11-21T11:31:32","modified_gmt":"2023-11-21T11:31:32","slug":"elementor-62320","status":"publish","type":"page","link":"https:\/\/lituanistumiestas.lt\/","title":{"rendered":""},"content":{"rendered":"\n<p class=\"has-black-color has-text-color has-link-color wp-elements-9ac00cf961d1ea846fe5a532228b76c6\"><\/p>\n\n\n<style type='text\/css' media='all'>#rt-tpg-container-2388442155 .rt-holder .rt-woo-info .price{color:#0367bf;}body .rt-tpg-container .rt-tpg-isotope-buttons .selected,\n\t\t\t\t\t#rt-tpg-container-2388442155 .layout12 .rt-holder:hover .rt-detail,\n\t\t\t\t\t#rt-tpg-container-2388442155 .isotope8 .rt-holder:hover .rt-detail,\n\t\t\t\t\t#rt-tpg-container-2388442155 .carousel8 .rt-holder:hover .rt-detail,\n\t\t\t\t\t#rt-tpg-container-2388442155 .layout13 .rt-holder .overlay .post-info,\n\t\t\t\t\t#rt-tpg-container-2388442155 .isotope9 .rt-holder .overlay .post-info,\n\t\t\t\t\t#rt-tpg-container-2388442155.rt-tpg-container .layout4 .rt-holder .rt-detail,\n\t\t\t\t\t.rt-modal-2388442155 .md-content,\n\t\t\t\t\t.rt-modal-2388442155 .md-content > .rt-md-content-holder .rt-md-content,\n\t\t\t\t\t.rt-popup-wrap-2388442155.rt-popup-wrap .rt-popup-navigation-wrap,\n\t\t\t\t\t#rt-tpg-container-2388442155 .carousel9 .rt-holder .overlay .post-info{background-color:#0367bf;}#rt-tpg-container-2388442155 .layout5 .rt-holder .overlay, #rt-tpg-container-2388442155 .isotope2 .rt-holder .overlay, #rt-tpg-container-2388442155 .carousel2 .rt-holder .overlay,#rt-tpg-container-2388442155 .layout15 .rt-holder h3, #rt-tpg-container-2388442155 .isotope11 .rt-holder h3, #rt-tpg-container-2388442155 .carousel11 .rt-holder h3, #rt-tpg-container-2388442155 .layout16 .rt-holder h3,\n\t\t\t\t\t#rt-tpg-container-2388442155 .isotope12 .rt-holder h3, #rt-tpg-container-2388442155 .carousel12 .rt-holder h3 {background-color:rgba(3,103,191,0.8);}#rt-tpg-container-2388442155 .pagination-list li a,\n\t\t\t\t\trt-tpg-container-2388442155 .pagination-list li span,\n\t\t\t\t\trt-tpg-container-2388442155 .pagination li a,\n\t\t\t\t\t#rt-tpg-container-2388442155 .rt-tpg-isotope-buttons button,\n\t\t\t\t\t#rt-tpg-container-2388442155 .rt-tpg-utility .rt-tpg-load-more button,\n\t\t\t\t\t#rt-tpg-container-2388442155.rt-tpg-container .swiper-navigation .slider-btn,\n\t\t\t\t\t#rt-tpg-container-2388442155.rt-tpg-container .swiper-pagination-bullet,\n\t\t\t\t\t#rt-tpg-container-2388442155 .wc1 .rt-holder .rt-img-holder .overlay .product-more ul li a,\n\t\t\t\t\t#rt-tpg-container-2388442155 .wc2 .rt-detail .rt-wc-add-to-cart,\n\t\t\t\t\t#rt-tpg-container-2388442155 .wc3 .rt-detail .rt-wc-add-to-cart,\n\t\t\t\t\t#rt-tpg-container-2388442155 .wc4 .rt-detail .rt-wc-add-to-cart,\n\t\t\t\t\t#rt-tpg-container-2388442155 .wc-carousel2 .rt-detail .rt-wc-add-to-cart,\n\t\t\t\t\t#rt-tpg-container-2388442155 .wc-isotope2 .rt-detail .rt-wc-add-to-cart,\n\t\t\t\t\t#rt-tpg-container-2388442155 .rt-layout-filter-container .rt-filter-wrap .rt-filter-item-wrap.rt-filter-dropdown-wrap .rt-filter-dropdown,\n\t\t\t\t\t#rt-tpg-container-2388442155 .rt-layout-filter-container .rt-filter-sub-tax.sub-button-group .rt-filter-button-item,\n\t\t\t\t\t#rt-tpg-container-2388442155.rt-tpg-container .rt-pagination-wrap .rt-page-numbers .paginationjs .paginationjs-pages ul li>a,\n\t\t\t\t\t#rt-tpg-container-2388442155 .rt-filter-item-wrap.rt-filter-button-wrap span.rt-filter-button-item,\n\t\t\t\t\t#rt-tpg-container-2388442155.rt-tpg-container .rt-pagination-wrap  .rt-loadmore-btn,\n\t\t\t\t\t#rt-tpg-container-2388442155.rt-tpg-container .rt-pagination-wrap .rt-cb-page-prev-next > *,\n\t\t\t\t\t#rt-tpg-container-2388442155 .rt-read-more,\n\t\t\t\t\t#rt-tooltip-2388442155, #rt-tooltip-2388442155 .rt-tooltip-bottom:after{background-color:#0a0a0a;}#rt-tpg-container-2388442155 .rt-filter-item-wrap.rt-filter-button-wrap span.rt-filter-button-item,\n\t\t\t\t\t#rt-tpg-container-2388442155 .rt-layout-filter-container .rt-filter-sub-tax.sub-button-group .rt-filter-button-item{border-color:#0a0a0a;}#rt-tpg-container-2388442155.rt-tpg-container .layout17 .rt-holder .overlay a.tpg-zoom .fa{color:#0a0a0a;}#rt-tpg-container-2388442155 .rt-holder .read-more a {background-color:#0a0a0a;padding: 8px 15px;}#rt-tpg-container-2388442155 .pagination-list li a:hover,\n\t\t\t\t\t#rt-tpg-container-2388442155 .pagination li a:hover,\n\t\t\t\t\t#rt-tpg-container-2388442155 .rt-tpg-isotope-buttons button:hover,\n\t\t\t\t\t#rt-tpg-container-2388442155 .rt-holder .read-more a:hover,\n\t\t\t\t\t#rt-tpg-container-2388442155 .rt-tpg-utility .rt-tpg-load-more button:hover,\n\t\t\t\t\t#rt-tpg-container-2388442155.rt-tpg-container .swiper-pagination-bullet:hover,\n\t\t\t\t\t#rt-tpg-container-2388442155.rt-tpg-container .swiper-navigation .slider-btn:hover,\n\t\t\t\t\t#rt-tpg-container-2388442155 .wc1 .rt-holder .rt-img-holder .overlay .product-more ul li a:hover,\n\t\t\t\t\t#rt-tpg-container-2388442155 .wc2 .rt-detail .rt-wc-add-to-cart:hover,\n\t\t\t\t\t#rt-tpg-container-2388442155 .wc3 .rt-detail .rt-wc-add-to-cart:hover,\n\t\t\t\t\t#rt-tpg-container-2388442155 .wc4 .rt-detail .rt-wc-add-to-cart:hover,\n\t\t\t\t\t#rt-tpg-container-2388442155 .wc-carousel2 .rt-detail .rt-wc-add-to-cart:hover,\n\t\t\t\t\t#rt-tpg-container-2388442155 .wc-isotope2 .rt-detail .rt-wc-add-to-cart:hover,\n\t\t\t\t\t#rt-tpg-container-2388442155 .rt-layout-filter-container .rt-filter-wrap .rt-filter-item-wrap.rt-filter-dropdown-wrap .rt-filter-dropdown .rt-filter-dropdown-item:hover,\n\t\t\t\t\t#rt-tpg-container-2388442155 .rt-layout-filter-container .rt-filter-wrap .rt-filter-item-wrap.rt-filter-dropdown-wrap .rt-filter-dropdown .rt-filter-dropdown-item.selected,\n\t\t\t\t\t#rt-tpg-container-2388442155 .rt-filter-item-wrap.rt-filter-button-wrap span.rt-filter-button-item:hover,\n\t\t\t\t\t#rt-tpg-container-2388442155 .rt-layout-filter-container .rt-filter-sub-tax.sub-button-group .rt-filter-button-item:hover,\n\t\t\t\t\t#rt-tpg-container-2388442155.rt-tpg-container .rt-pagination-wrap .rt-page-numbers .paginationjs .paginationjs-pages ul li>a:hover,\n\t\t\t\t\t#rt-tpg-container-2388442155.rt-tpg-container .rt-pagination-wrap .rt-cb-page-prev-next > *:hover,\n\t\t\t\t\t#rt-tpg-container-2388442155.rt-tpg-container .rt-pagination-wrap  .rt-loadmore-btn:hover,\n\t\t\t\t\t#rt-tpg-container-2388442155 .rt-read-more:hover,\n\t\t\t\t\t#rt-tpg-container-2388442155 .rt-tpg-utility .rt-tpg-load-more button:hover{background-color:#2d2d2d;}#rt-tpg-container-2388442155 .rt-filter-item-wrap.rt-filter-button-wrap span.rt-filter-button-item:hover,\n\t\t\t\t\t\t#rt-tpg-container-2388442155 .rt-layout-filter-container .rt-filter-sub-tax.sub-button-group .rt-filter-button-item:hover,\n\t\t\t\t\t\t#rt-tpg-container-2388442155.rt-tpg-container .swiper-navigation .slider-btn:hover,\n\t\t\t\t\t\t#rt-tpg-container-2388442155.rt-tpg-container .rt-pagination-wrap .rt-page-numbers .paginationjs .paginationjs-pages ul li>a:hover{border-color:#2d2d2d;}#rt-tpg-container-2388442155.rt-tpg-container .layout17 .rt-holder .overlay a.tpg-zoom:hover .fa{color:#2d2d2d;}#rt-tpg-container-2388442155 .pagination-list li a,\n\t\t\t\t\t#rt-tpg-container-2388442155 .pagination li a,\n\t\t\t\t\t#rt-tpg-container-2388442155 .rt-tpg-isotope-buttons button,\n\t\t\t\t\t#rt-tpg-container-2388442155 .rt-holder .read-more a,\n\t\t\t\t\t#rt-tpg-container-2388442155 .rt-tpg-utility .rt-tpg-load-more button,\n\t\t\t\t\t#rt-tpg-container-2388442155.rt-tpg-container .swiper-navigation .slider-btn,\n\t\t\t\t\t#rt-tpg-container-2388442155 .wc1 .rt-holder .rt-img-holder .overlay .product-more ul li a,\n\t\t\t\t\t#rt-tpg-container-2388442155 .edd1 .rt-holder .rt-img-holder .overlay .product-more ul li a,\n\t\t\t\t\t#rt-tpg-container-2388442155 .wc2 .rt-detail .rt-wc-add-to-cart,\n\t\t\t\t\t#rt-tpg-container-2388442155 .wc3 .rt-detail .rt-wc-add-to-cart,\n\t\t\t\t\t#rt-tpg-container-2388442155 .edd2 .rt-detail .rt-wc-add-to-cart,\n\t\t\t\t\t#rt-tpg-container-2388442155 .wc4 .rt-detail .rt-wc-add-to-cart,\n\t\t\t\t\t#rt-tpg-container-2388442155 .edd3 .rt-detail .rt-wc-add-to-cart,\n\t\t\t\t\t#rt-tpg-container-2388442155 .wc-carousel2 .rt-detail .rt-wc-add-to-cart,\n\t\t\t\t\t#rt-tpg-container-2388442155 .wc-isotope2 .rt-detail .rt-wc-add-to-cart,\n\t\t\t\t\t#rt-tpg-container-2388442155 .rt-tpg-utility .rt-tpg-load-more button,\n\t\t\t\t\t#rt-tooltip-2388442155,\n\t\t\t\t\t#rt-tpg-container-2388442155 .rt-filter-item-wrap.rt-filter-button-wrap span.rt-filter-button-item,\n\t\t\t\t\t#rt-tpg-container-2388442155 .rt-layout-filter-container .rt-filter-sub-tax.sub-button-group .rt-filter-button-item,\n\t\t\t\t\t#rt-tpg-container-2388442155 .rt-layout-filter-container .rt-filter-wrap .rt-filter-item-wrap.rt-sort-order-action,\n\t\t\t\t\t#rt-tpg-container-2388442155 .rt-layout-filter-container .rt-filter-wrap .rt-filter-item-wrap.rt-filter-dropdown-wrap .rt-filter-dropdown .rt-filter-dropdown-item,\n\t\t\t\t\t#rt-tpg-container-2388442155.rt-tpg-container .rt-pagination-wrap .rt-page-numbers .paginationjs .paginationjs-pages ul li>a,\n\t\t\t\t\t#rt-tpg-container-2388442155.rt-tpg-container .rt-pagination-wrap .rt-cb-page-prev-next > *,\n\t\t\t\t\t#rt-tpg-container-2388442155.rt-tpg-container .rt-pagination-wrap  .rt-loadmore-btn,\n\t\t\t\t\t#rt-tpg-container-2388442155 .rt-read-more,\n\t\t\t\t\t#rt-tooltip-2388442155 .rt-tooltip-bottom:after{color:#ffffff;}#rt-tpg-container-2388442155 .rt-filter-item-wrap.rt-filter-button-wrap span.rt-filter-button-item:hover,\n\t\t\t\t\t#rt-tpg-container-2388442155 .rt-holder .read-more a:hover,\n\t\t\t\t\t#rt-tpg-container-2388442155.rt-tpg-container .swiper-navigation .slider-btn:hover,\n\t\t\t\t\t#rt-tpg-container-2388442155 .rt-layout-filter-container .rt-filter-sub-tax.sub-button-group .rt-filter-button-item:hover,\n\t\t\t\t\t#rt-tpg-container-2388442155 .rt-layout-filter-container .rt-filter-wrap .rt-filter-item-wrap.rt-filter-dropdown-wrap .rt-filter-dropdown .rt-filter-dropdown-item:hover,\n\t\t\t\t\t#rt-tpg-container-2388442155 .rt-layout-filter-container .rt-filter-wrap .rt-filter-item-wrap.rt-filter-dropdown-wrap .rt-filter-dropdown .rt-filter-dropdown-item.selected,\n\t\t\t\t\t#rt-tpg-container-2388442155 .rt-layout-filter-container .rt-filter-wrap .rt-filter-item-wrap.rt-sort-order-action:hover,\n\t\t\t\t\t#rt-tpg-container-2388442155.rt-tpg-container .rt-pagination-wrap .rt-page-numbers .paginationjs .paginationjs-pages ul li.active>a:hover,\n\t\t\t\t\t#rt-tpg-container-2388442155 .rt-filter-item-wrap.rt-filter-button-wrap span.rt-filter-button-item.selected,\n\t\t\t\t\t#rt-tpg-container-2388442155 .rt-layout-filter-container .rt-filter-wrap .rt-filter-item-wrap.rt-sort-order-action,\n\t\t\t\t\t#rt-tpg-container-2388442155.rt-tpg-container .rt-pagination-wrap  .rt-loadmore-btn:hover,\n\t\t\t\t\t#rt-tpg-container-2388442155 .rt-read-more:hover,\n\t\t\t\t\t#rt-tpg-container-2388442155.rt-tpg-container .rt-pagination-wrap .rt-page-numbers .paginationjs .paginationjs-pages ul li.active>a{color:#ffffff;}#rt-tpg-container-2388442155 .read-more a{border-radius:px;}#rt-tpg-container-2388442155 .rt-img-holder img.rt-img-responsive,#rt-tpg-container-2388442155 .rt-img-holder,\n\t\t\t\t\t#rt-tpg-container-2388442155 .rt-post-overlay .post-img,\n\t\t\t\t\t#rt-tpg-container-2388442155 .post-sm .post-img,\n\t\t\t\t\t#rt-tpg-container-2388442155 .rt-post-grid .post-img,\n\t\t\t\t\t#rt-tpg-container-2388442155 .post-img img {border-radius:px;}<\/style><div class='rt-container-fluid rt-tpg-container tpg-shortcode-main-wrapper ' id='rt-tpg-container-2388442155'   data-layout='layout2' data-grid-style='even' data-desktop-col='1'  data-tab-col='1'  data-mobile-col='1' data-sc-id='62401'><div class=\"tpg-widget-heading-wrapper heading-style1 \"><span class=\"tpg-widget-heading-line line-left\"><\/span><h2 class=\"tpg-widget-heading\">D\u0116MESIO<\/h2><span class=\"tpg-widget-heading-line\"><\/span><\/div><div data-title='Loading ...' class='rt-row rt-content-loader   layout2 tpg-even '><p>No post found<\/p><\/div><\/div>\n\n\n\n<div class=\"wp-block-query is-layout-flow wp-block-query-is-layout-flow\"><ul class=\"has-link-color wp-elements-d8ebc33a8e915617dd8e6dd8d5ee0198 wp-block-post-template has-text-color has-black-color is-layout-flow wp-block-post-template-is-layout-flow\"><li class=\"wp-block-post post-62910 post type-post status-publish format-standard hentry category-blog\">\n\n<div class=\"wp-block-group wp-elements-d8ebc33a8e915617dd8e6dd8d5ee0198\" style=\"padding-top:30px;padding-right:30px;padding-bottom:30px;padding-left:30px\"><div class=\"wp-block-group__inner-container is-layout-flow wp-block-group-is-layout-flow\"><h2 class=\"wp-block-post-title\"><a href=\"https:\/\/lituanistumiestas.lt\/?p=62910\" target=\"_self\" >Teksto suvokimas ir meni\u0173 rai\u0161kos priemoni\u0173 pa\u017einimas<\/a><\/h2>\n\n<div class=\"wp-block-post-excerpt\"><p class=\"wp-block-post-excerpt__excerpt\"> <\/p><\/div>\n\n<div class=\"wp-block-post-date\"><time datetime=\"2026-02-14T10:53:26+00:00\">2026-02-14<\/time><\/div><\/div><\/div>\n\n<\/li><li class=\"wp-block-post post-62907 post type-post status-publish format-standard hentry category-kolega-kolegai\">\n\n<div class=\"wp-block-group wp-elements-d8ebc33a8e915617dd8e6dd8d5ee0198\" style=\"padding-top:30px;padding-right:30px;padding-bottom:30px;padding-left:30px\"><div class=\"wp-block-group__inner-container is-layout-flow wp-block-group-is-layout-flow\"><h2 class=\"wp-block-post-title\"><a href=\"https:\/\/lituanistumiestas.lt\/?p=62907\" target=\"_self\" >Retorin\u0117s fig\u016bros<\/a><\/h2>\n\n<div class=\"wp-block-post-excerpt\"><p class=\"wp-block-post-excerpt__excerpt\"> <\/p><\/div>\n\n<div class=\"wp-block-post-date\"><time datetime=\"2026-02-14T10:39:42+00:00\">2026-02-14<\/time><\/div><\/div><\/div>\n\n<\/li><li class=\"wp-block-post post-62903 post type-post status-publish format-standard hentry category-uzduotys-5-8-klasems\">\n\n<div class=\"wp-block-group wp-elements-d8ebc33a8e915617dd8e6dd8d5ee0198\" style=\"padding-top:30px;padding-right:30px;padding-bottom:30px;padding-left:30px\"><div class=\"wp-block-group__inner-container is-layout-flow wp-block-group-is-layout-flow\"><h2 class=\"wp-block-post-title\"><a href=\"https:\/\/lituanistumiestas.lt\/?p=62903\" target=\"_self\" >Nagrin\u0117jimas reik\u0161min\u0117mis \u017eod\u017eio dalimis<\/a><\/h2>\n\n<div class=\"wp-block-post-excerpt\"><p class=\"wp-block-post-excerpt__excerpt\"> <\/p><\/div>\n\n<div class=\"wp-block-post-date\"><time datetime=\"2026-02-13T15:48:08+00:00\">2026-02-13<\/time><\/div><\/div><\/div>\n\n<\/li><li class=\"wp-block-post post-62900 post type-post status-publish format-standard hentry category-kolega-kolegai\">\n\n<div class=\"wp-block-group wp-elements-d8ebc33a8e915617dd8e6dd8d5ee0198\" style=\"padding-top:30px;padding-right:30px;padding-bottom:30px;padding-left:30px\"><div class=\"wp-block-group__inner-container is-layout-flow wp-block-group-is-layout-flow\"><h2 class=\"wp-block-post-title\"><a href=\"https:\/\/lituanistumiestas.lt\/?p=62900\" target=\"_self\" >Abraomo Lipmano vaikai<\/a><\/h2>\n\n<div class=\"wp-block-post-excerpt\"><p class=\"wp-block-post-excerpt__excerpt\">Koleg\u0117s El\u017ebietos parengta med\u017eiaga. <\/p><\/div>\n\n<div class=\"wp-block-post-date\"><time datetime=\"2026-02-13T15:47:09+00:00\">2026-02-13<\/time><\/div><\/div><\/div>\n\n<\/li><li class=\"wp-block-post post-62897 post type-post status-publish format-standard hentry category-uzduotys-5-8-klasems category-uzduotys-9-12-klasems\">\n\n<div class=\"wp-block-group wp-elements-d8ebc33a8e915617dd8e6dd8d5ee0198\" style=\"padding-top:30px;padding-right:30px;padding-bottom:30px;padding-left:30px\"><div class=\"wp-block-group__inner-container is-layout-flow wp-block-group-is-layout-flow\"><h2 class=\"wp-block-post-title\"><a href=\"https:\/\/lituanistumiestas.lt\/?p=62897\" target=\"_self\" >Morfologijos kontrolinis<\/a><\/h2>\n\n<div class=\"wp-block-post-excerpt\"><p class=\"wp-block-post-excerpt__excerpt\">Koleg\u0117s El\u017ebietos atsi\u0173sta med\u017eiaga. <\/p><\/div>\n\n<div class=\"wp-block-post-date\"><time datetime=\"2026-02-13T15:45:57+00:00\">2026-02-13<\/time><\/div><\/div><\/div>\n\n<\/li><li class=\"wp-block-post post-62893 post type-post status-publish format-standard hentry category-uzduotys-9-12-klasems\">\n\n<div class=\"wp-block-group wp-elements-d8ebc33a8e915617dd8e6dd8d5ee0198\" style=\"padding-top:30px;padding-right:30px;padding-bottom:30px;padding-left:30px\"><div class=\"wp-block-group__inner-container is-layout-flow wp-block-group-is-layout-flow\"><h2 class=\"wp-block-post-title\"><a href=\"https:\/\/lituanistumiestas.lt\/?p=62893\" target=\"_self\" >Kontroliniai 10 klasei<\/a><\/h2>\n\n<div class=\"wp-block-post-excerpt\"><p class=\"wp-block-post-excerpt__excerpt\">Koleg\u0117s El\u017ebietos parengtos u\u017eduotys. <\/p><\/div>\n\n<div class=\"wp-block-post-date\"><time datetime=\"2026-02-13T15:44:42+00:00\">2026-02-13<\/time><\/div><\/div><\/div>\n\n<\/li><\/ul><\/div>\n","protected":false},"excerpt":{"rendered":"","protected":false},"author":1,"featured_media":0,"parent":0,"menu_order":0,"comment_status":"closed","ping_status":"closed","template":"","meta":{"footnotes":""},"class_list":["post-62320","page","type-page","status-publish","hentry"],"publishpress_future_action":{"enabled":false,"date":"2026-05-07 23:55:43","action":"change-status","newStatus":"draft","terms":[],"taxonomy":"","extraData":[]},"publishpress_future_workflow_manual_trigger":{"enabledWorkflows":[]},"rttpg_featured_image_url":null,"rttpg_author":{"display_name":"lituanistumiestas","author_link":"https:\/\/lituanistumiestas.lt\/?author=1"},"rttpg_comment":0,"rttpg_category":null,"rttpg_excerpt":null,"_links":{"self":[{"href":"https:\/\/lituanistumiestas.lt\/index.php?rest_route=\/wp\/v2\/pages\/62320","targetHints":{"allow":["GET"]}}],"collection":[{"href":"https:\/\/lituanistumiestas.lt\/index.php?rest_route=\/wp\/v2\/pages"}],"about":[{"href":"https:\/\/lituanistumiestas.lt\/index.php?rest_route=\/wp\/v2\/types\/page"}],"author":[{"embeddable":true,"href":"https:\/\/lituanistumiestas.lt\/index.php?rest_route=\/wp\/v2\/users\/1"}],"replies":[{"embeddable":true,"href":"https:\/\/lituanistumiestas.lt\/index.php?rest_route=%2Fwp%2Fv2%2Fcomments&post=62320"}],"version-history":[{"count":15,"href":"https:\/\/lituanistumiestas.lt\/index.php?rest_route=\/wp\/v2\/pages\/62320\/revisions"}],"predecessor-version":[{"id":62402,"href":"https:\/\/lituanistumiestas.lt\/index.php?rest_route=\/wp\/v2\/pages\/62320\/revisions\/62402"}],"wp:attachment":[{"href":"https:\/\/lituanistumiestas.lt\/index.php?rest_route=%2Fwp%2Fv2%2Fmedia&parent=62320"}],"curies":[{"name":"wp","href":"https:\/\/api.w.org\/{rel}","templated":true}]}}